{"id":2,"date":"2008-03-11T11:31:12","date_gmt":"2008-03-11T05:31:12","guid":{"rendered":""},"modified":"2016-08-24T13:34:17","modified_gmt":"2016-08-24T12:34:17","slug":"about","status":"publish","type":"page","link":"https:\/\/capri.dev\/blog\/about\/","title":{"rendered":"Acerca de este blog"},"content":{"rendered":"<p>Realizo este blog por puro divertimento, porque escribir me hace feliz. No est\u00e1 dirigido a nadie, pero si alguien encuentra alguna informaci\u00f3n interesante entre sus p\u00e1ginas, o est\u00e1 en contra o a favor de algunas de mis opiniones vertidas aqu\u00ed, los comentarios siempre son bienvenidos.<\/p>\n<p>El tipo de informaci\u00f3n que se puede encontrar aqu\u00ed es muy variado ya que el esp\u00edritu humano es muy variado y tiene multitud de inquietudes. En este blog opino sobre todo lo que siento necesidad de opinar en un momento dado; desde la actualidad pol\u00edtica (sobre todo la relacionada con la democracia participativa que impulsa el movimiento 15M) hasta las ideas m\u00e1s tontas que se me pasan por la cabeza y que tengo ganas de compartir, pasando por cosas de la vida cotidiana, libros, pel\u00edculas, an\u00e9cdotas, tecnolog\u00eda, salud, m\u00fasica, y por supuesto hablo mucho de asuntos t\u00e9cnicos relacionados con mi profesi\u00f3n.<\/p>\n<p>Antiguamente me jactaba de no utilizar ninguna red social, pero finalmente ca\u00ed: el 26 de octubre de 2010 me cre\u00e9 una cuenta en Twitter (todav\u00eda estoy esperando a que caiga sobre m\u00ed el rayo vengador de las relaciones en persona), y me alegro de haberlo hecho. Aparte de eso sigo sin usar Friendfeed, ni colgar fotos en Flickr\/Pinterst\/Instagram, ni videos en Youtube; sigo sin tener perfil en Facebook (y estoy bastante seguro de que nunca lo tendr\u00e9), no comparto enlaces en del.icio.us, ni m\u00fasica en Last.fm. Qu\u00e9 le voy a hacer, las redes sociales virtuales me dan bastante pereza. El mundo de las relaciones en persona ya da bastante trabajo \ud83d\ude09<\/p>\n","protected":false},"excerpt":{"rendered":"<p>Realizo este blog por puro divertimento, porque escribir me hace feliz. No est\u00e1 dirigido a nadie, pero si alguien encuentra alguna informaci\u00f3n interesante entre sus p\u00e1ginas, o est\u00e1 en contra o a favor de algunas de mis opiniones vertidas aqu\u00ed, los comentarios siempre son bienvenidos. El tipo de informaci\u00f3n que se puede encontrar aqu\u00ed es muy variado ya que el esp\u00edritu humano es muy variado y tiene multitud de inquietudes. En este blog opino sobre todo lo que siento necesidad de opinar en un momento dado; desde la actualidad pol\u00edtica (sobre todo la relacionada con la democracia participativa que impulsa el movimiento 15M) hasta las ideas m\u00e1s tontas que se me pasan por la cabeza y que tengo ganas de compartir, pasando por cosas de la vida cotidiana, libros, pel\u00edculas, an\u00e9cdotas, tecnolog\u00eda, salud, m\u00fasica, y por supuesto hablo mucho de asuntos t\u00e9cnicos relacionados con mi profesi\u00f3n. Antiguamente me jactaba de [&hellip;]<\/p>\n<p><a class=\"more-link\" href=\"https:\/\/capri.dev\/blog\/about\/\">Read more<\/a><\/p>\n","protected":false},"author":1,"featured_media":0,"parent":0,"menu_order":0,"comment_status":"open","ping_status":"open","template":"page-nocomment.php","meta":{"footnotes":""},"class_list":["post-2","page","type-page","status-publish","hentry"],"_links":{"self":[{"href":"https:\/\/capri.dev\/blog\/wp-json\/wp\/v2\/pages\/2","targetHints":{"allow":["GET"]}}],"collection":[{"href":"https:\/\/capri.dev\/blog\/wp-json\/wp\/v2\/pages"}],"about":[{"href":"https:\/\/capri.dev\/blog\/wp-json\/wp\/v2\/types\/page"}],"author":[{"embeddable":true,"href":"https:\/\/capri.dev\/blog\/wp-json\/wp\/v2\/users\/1"}],"replies":[{"embeddable":true,"href":"https:\/\/capri.dev\/blog\/wp-json\/wp\/v2\/comments?post=2"}],"version-history":[{"count":0,"href":"https:\/\/capri.dev\/blog\/wp-json\/wp\/v2\/pages\/2\/revisions"}],"wp:attachment":[{"href":"https:\/\/capri.dev\/blog\/wp-json\/wp\/v2\/media?parent=2"}],"curies":[{"name":"wp","href":"https:\/\/api.w.org\/{rel}","templated":true}]}}